{"id":1067,"date":"2025-02-19T14:15:50","date_gmt":"2025-02-19T14:15:50","guid":{"rendered":"https:\/\/firefxfires.com\/?page_id=1067"},"modified":"2025-03-26T10:08:37","modified_gmt":"2025-03-26T10:08:37","slug":"enregistrement","status":"publish","type":"page","link":"https:\/\/firefxfires.com\/fr\/enregistrement\/","title":{"rendered":"Enregistrement de Produits"},"content":{"rendered":"\n<p>Nous vous remercions d&rsquo;avoir choisi un nouveau po\u00eale ou insert \u00e9lectrique FireFX pour votre int\u00e9rieur.<\/p>\n\n\n\n<p>L&rsquo;enregistrement de votre produit ci-dessous nous permettra d&rsquo;activer la garantie de deux ans de votre nouvel appareil FireFX. Pour enregistrer votre produit, vous aurez besoin de son num\u00e9ro de s\u00e9rie. Veuillez vous r\u00e9f\u00e9rer \u00e0 vos instructions d&rsquo;utilisation pour localiser ce num\u00e9ro.<\/p>\n\n\n\n<p>Pour plus d&rsquo;informations sur la garantie de votre appareil, veuillez consulter notre <a href=\"https:\/\/firefxfires.com\/fr\/garantie\/\">page d&rsquo;information sur la garantie<\/a>.<\/p>\n\n\n\n<div class=\"wp-block-group is-layout-constrained wp-block-group-is-layout-constrained\">\n<iframe id=\"ifrmOnlineReg\" style=\"width: 100%; height: 1370px; border: none;\" src=\"https:\/\/www.onlineregistration.stovax.com\/?SN_PRODUCT=1&amp;LANG=FR&amp;CSS_STYLE=FireFX&amp;LOGO=FireFX&amp;fuel=electric\"><\/iframe>\n<\/div>\n\n\n\n<hr class=\"wp-block-separator has-alpha-channel-opacity is-style-wide\"\/>\n\n\n\n<p style=\"margin-top:16px;margin-bottom:16px\"><strong>Informations concernant le traitement des donn\u00e9es personnelles<\/strong><\/p>\n\n\n\n<p style=\"margin-top:16px;margin-bottom:16px\">Aux fins de la \u201cProtection des Donn\u00e9es\u201d d\u00e9finie comme \u201cLes lois ou r\u00e8glements occasionnellement applicables concernant le traitement des donn\u00e9es \u00e0 caract\u00e8re personnel, y compris mais non limit\u00e9 au R\u00e8glement (UE) du 25 mai 2018 du Parlement europ\u00e9en et du Conseil relatif \u00e0 la protection des personnes physiques \u00e0 l\u2019\u00e9gard du traitement des donn\u00e9es \u00e0 caract\u00e8re personnel (RGPD) ainsi que des adaptations et r\u00e8glements locaux suppl\u00e9mentaires en rapport avec la protection des donn\u00e9es. Le contr\u00f4leur des donn\u00e9es est Stovax Limited (immatricul\u00e9e N\u00b01572550) ou Gazco Limited (immatricul\u00e9e N\u00b02228426), tous deux sont des soci\u00e9t\u00e9s enregistr\u00e9es en Angleterre \u00e0 l\u2019adresse suivante : Spitfire Avenue, Skypark, Clyst Honiton, Exeter, Devon, EX5 2FR, Royaume-Uni.<\/p>\n\n\n\n<p style=\"margin-top:16px;margin-bottom:16px\">Stovax Limited, reg. no. 1572550 or Gazco Limited (registered number 2228426) processes your personal data in connection with your registration of your appliance for warranty purposes and any other purpose which you have explicitly approved above. We care about your integrity and therefore want to provide you with information regarding the processing of your personal data.<\/p>\n\n\n\n<p style=\"margin-top:16px;margin-bottom:16px\"><strong>Le contr\u00f4leur des donn\u00e9es<\/strong><\/p>\n\n\n\n<p style=\"margin-top:16px;margin-bottom:16px\">Le contr\u00f4leur de vos donn\u00e9es est Stovax Limited ou Gazco Limited, tous deux situ\u00e9s \u00e0 l\u2019adresse suivante : Spitfire Avenue, Skypark, Clyst Honiton, Exeter, Devon, EX5 2FR, Royaume-Uni.<\/p>\n\n\n\n<p style=\"margin-top:16px;margin-bottom:16px\"><strong>Contacter le contr\u00f4leur des donn\u00e9es<\/strong><\/p>\n\n\n\n<p style=\"margin-top:16px;margin-bottom:16px\">Vous pouvez contacter notre controlleur des donn\u00e9es \u00e0 l\u2019adresse suivante:The Data Controller, Stovax Ltd, Spitfire Avenue, Skypark, Clyst Honiton, Exeter, Devon, EX5 2FR, Royaume-Uni.<\/p>\n\n\n\n<p style=\"margin-top:16px;margin-bottom:16px\"><strong>La raison et la base juridique du traitement des donn\u00e9es<\/strong><\/p>\n\n\n\n<p style=\"margin-top:16px;margin-bottom:16px\">Nous traitons vos donn\u00e9es en les stockant, les visualisant et en les enregistrant, \u00e0 des fins de marketing.<br>Les donn\u00e9es \u00e0 caract\u00e8re personnel stock\u00e9es par nous s\u2019agira des donn\u00e9es saisies dans le formulaire ci-dessus. La base juridique pour le traitement est qu\u2019en soumettant les informations, vous avez donn\u00e9 votre accord pour le traitement. Vous n\u2019\u00eates en aucun cas dans l\u2019obligation de nous fournir vos donn\u00e9es \u00e0 caract\u00e8re personnel.<\/p>\n\n\n\n<p><strong>Qui a acc\u00e8s \u00e0 vos donn\u00e9es \u00e0 caract\u00e8re personnel?<\/strong><\/p>\n\n\n\n<p>Les donn\u00e9es sont utilis\u00e9es principalement par notre service de marketing. Certains membres de la direction de la soci\u00e9t\u00e9 peuvent \u00e9galement y avoir acc\u00e8s \u00e0 une partie des donn\u00e9es, mais uniquement lorsque ceci est n\u00e9cessaire pour l\u2019accomplissement de leurs fonctions.<\/p>\n\n\n\n<p><strong>Pendant quelle p\u00e9riode stockons-nous vos donn\u00e9es \u00e0 caract\u00e8re personnel?<\/strong><\/p>\n\n\n\n<p>Nous stockons vos donn\u00e9es \u00e0 caract\u00e8re personnel pendant la p\u00e9riode n\u00e9cessaire pour accomplir les fonctions du traitement mentionn\u00e9es ci-dessus, ainsi que pendant la p\u00e9riode n\u00e9cessaire selon la loi britannique relative \u00e0 la conservation de documents. Cependant, nous ne stockons pas de donn\u00e9es \u00e0 caract\u00e8re personnel au-del\u00e0 de 7 ans \u00e0 partir de la date o\u00f9 elles ont servi pour la derni\u00e8re fois.<\/p>\n\n\n\n<p><strong>Vos droits<\/strong><\/p>\n\n\n\n<p>Si le traitement se base sur votre consentement, vous avez le droit de retirer le consentement \u00e0 tout moment. Cependant, une telle retractation n\u2019affecte pas la l\u00e9galit\u00e9 du traitement de vos donn\u00e9es \u00e0 caract\u00e8re personnel pendant la p\u00e9riode avant la retractation.<\/p>\n\n\n\n<p>Vous avez le droit de demander des renseignements concernant quelle partie de vos donn\u00e9es \u00e0 caract\u00e8re personnel sont trait\u00e9es, et demander la rectification des donn\u00e9es. Vous avez le droit de vous opposer au traitement de vos donn\u00e9es \u00e0 caract\u00e8re personnel et en demander la restriction, ainsi que la suppression de vos donn\u00e9es \u00e0 caract\u00e8re personnel. Vous avez \u00e9galement le droit de recevoir vos donn\u00e9es \u00e0 caract\u00e8re personnel sous une forme structur\u00e9e, couramment utilis\u00e9e et lisible par machine et le droit de transmettre ces donn\u00e9es \u00e0 un autre controlleur (la portabilit\u00e9 des donn\u00e9es).<br>Afin d\u2019exerciser ces droits, veuillez contacter le controlleur des donn\u00e9es (Data Protection Officer), \u00e0 l\u2019adresse ci-dessus. Si vous n\u2019\u00eates pas satisfait de nos services, vous avez le droit de d\u00e9poser une plainte aupr\u00e8s du bureau du commissaire \u00e0 l\u2019information ou autre autorit\u00e9 de contr\u00f4le comp\u00e9tente en accord avec le R\u00e8glement General sur la Protection des Donn\u00e9es (RGPD).<\/p>\n","protected":false},"excerpt":{"rendered":"<p>Nous vous remercions d&rsquo;avoir choisi un nouveau po\u00eale ou insert \u00e9lectrique FireFX pour votre int\u00e9rieur. L&rsquo;enregistrement de votre produit ci-dessous nous permettra d&rsquo;activer la garantie de deux ans de votre nouvel appareil FireFX. Pour enregistrer votre produit, vous aurez besoin de son num\u00e9ro de s\u00e9rie. Veuillez vous r\u00e9f\u00e9rer \u00e0 vos instructions d&rsquo;utilisation pour localiser ce [&hellip;]<\/p>\n","protected":false},"author":3,"featured_media":0,"parent":0,"menu_order":0,"comment_status":"closed","ping_status":"closed","template":"","meta":{"_acf_changed":false,"_uag_custom_page_level_css":"","footnotes":""},"categories":[],"tags":[],"class_list":["post-1067","page","type-page","status-publish","hentry"],"blocksy_meta":{"has_hero_section":"default","disable_featured_image":"no","vertical_spacing_source":"custom","content_area_spacing":"bottom","content_style_source":"inherit","styles_descriptor":{"styles":{"desktop":"","tablet":"","mobile":""},"google_fonts":[],"version":6},"page_structure_type":"type-3"},"acf":[],"yoast_head":"<!-- This site is optimized with the Yoast SEO plugin v27.4 - https:\/\/yoast.com\/product\/yoast-seo-wordpress\/ -->\n<title>Enregistrement de Produits - FireFX<\/title>\n<meta name=\"description\" content=\"Nous vous remercions d&#039;avoir choisi un nouveau po\u00eale ou insert \u00e9lectrique FireFX pour votre int\u00e9rieur. L&#039;enregistrement de votre produit ci-dessous nous\" \/>\n<meta name=\"robots\" content=\"index, follow, max-snippet:-1, max-image-preview:large, max-video-preview:-1\" \/>\n<link rel=\"canonical\" href=\"https:\/\/firefxfires.com\/fr\/enregistrement\/\" \/>\n<meta property=\"og:locale\" content=\"fr_FR\" \/>\n<meta property=\"og:type\" content=\"article\" \/>\n<meta property=\"og:title\" content=\"Enregistrement de Produits - FireFX\" \/>\n<meta property=\"og:description\" content=\"Nous vous remercions d&#039;avoir choisi un nouveau po\u00eale ou insert \u00e9lectrique FireFX pour votre int\u00e9rieur. L&#039;enregistrement de votre produit ci-dessous nous\" \/>\n<meta property=\"og:url\" content=\"https:\/\/firefxfires.com\/fr\/enregistrement\/\" \/>\n<meta property=\"og:site_name\" content=\"FireFX\" \/>\n<meta property=\"article:modified_time\" content=\"2025-03-26T10:08:37+00:00\" \/>\n<meta name=\"twitter:card\" content=\"summary_large_image\" \/>\n<script type=\"application\/ld+json\" class=\"yoast-schema-graph\">{\"@context\":\"https:\\\/\\\/schema.org\",\"@graph\":[{\"@type\":\"WebPage\",\"@id\":\"https:\\\/\\\/firefxfires.com\\\/fr\\\/enregistrement\\\/\",\"url\":\"https:\\\/\\\/firefxfires.com\\\/fr\\\/enregistrement\\\/\",\"name\":\"Enregistrement de Produits - FireFX\",\"isPartOf\":{\"@id\":\"https:\\\/\\\/firefxfires.com\\\/fr\\\/#website\"},\"datePublished\":\"2025-02-19T14:15:50+00:00\",\"dateModified\":\"2025-03-26T10:08:37+00:00\",\"description\":\"Nous vous remercions d'avoir choisi un nouveau po\u00eale ou insert \u00e9lectrique FireFX pour votre int\u00e9rieur. L'enregistrement de votre produit ci-dessous nous\",\"breadcrumb\":{\"@id\":\"https:\\\/\\\/firefxfires.com\\\/fr\\\/enregistrement\\\/#breadcrumb\"},\"inLanguage\":\"fr-FR\",\"potentialAction\":[{\"@type\":\"ReadAction\",\"target\":[\"https:\\\/\\\/firefxfires.com\\\/fr\\\/enregistrement\\\/\"]}]},{\"@type\":\"BreadcrumbList\",\"@id\":\"https:\\\/\\\/firefxfires.com\\\/fr\\\/enregistrement\\\/#breadcrumb\",\"itemListElement\":[{\"@type\":\"ListItem\",\"position\":1,\"name\":\"Home\",\"item\":\"https:\\\/\\\/firefxfires.com\\\/fr\\\/home\\\/\"},{\"@type\":\"ListItem\",\"position\":2,\"name\":\"Enregistrement de Produits\"}]},{\"@type\":\"WebSite\",\"@id\":\"https:\\\/\\\/firefxfires.com\\\/fr\\\/#website\",\"url\":\"https:\\\/\\\/firefxfires.com\\\/fr\\\/\",\"name\":\"FireFX\",\"description\":\"Your Home, Your Fireplace, Your Way\",\"publisher\":{\"@id\":\"https:\\\/\\\/firefxfires.com\\\/fr\\\/#organization\"},\"potentialAction\":[{\"@type\":\"SearchAction\",\"target\":{\"@type\":\"EntryPoint\",\"urlTemplate\":\"https:\\\/\\\/firefxfires.com\\\/fr\\\/?s={search_term_string}\"},\"query-input\":{\"@type\":\"PropertyValueSpecification\",\"valueRequired\":true,\"valueName\":\"search_term_string\"}}],\"inLanguage\":\"fr-FR\"},{\"@type\":\"Organization\",\"@id\":\"https:\\\/\\\/firefxfires.com\\\/fr\\\/#organization\",\"name\":\"FireFX\",\"url\":\"https:\\\/\\\/firefxfires.com\\\/fr\\\/\",\"logo\":{\"@type\":\"ImageObject\",\"inLanguage\":\"fr-FR\",\"@id\":\"https:\\\/\\\/firefxfires.com\\\/fr\\\/#\\\/schema\\\/logo\\\/image\\\/\",\"url\":\"https:\\\/\\\/firefxfires.com\\\/wp-content\\\/uploads\\\/2025\\\/02\\\/FireFX_Logo.png\",\"contentUrl\":\"https:\\\/\\\/firefxfires.com\\\/wp-content\\\/uploads\\\/2025\\\/02\\\/FireFX_Logo.png\",\"width\":300,\"height\":124,\"caption\":\"FireFX\"},\"image\":{\"@id\":\"https:\\\/\\\/firefxfires.com\\\/fr\\\/#\\\/schema\\\/logo\\\/image\\\/\"}}]}<\/script>\n<!-- \/ Yoast SEO plugin. -->","yoast_head_json":{"title":"Enregistrement de Produits - FireFX","description":"Nous vous remercions d'avoir choisi un nouveau po\u00eale ou insert \u00e9lectrique FireFX pour votre int\u00e9rieur. L'enregistrement de votre produit ci-dessous nous","robots":{"index":"index","follow":"follow","max-snippet":"max-snippet:-1","max-image-preview":"max-image-preview:large","max-video-preview":"max-video-preview:-1"},"canonical":"https:\/\/firefxfires.com\/fr\/enregistrement\/","og_locale":"fr_FR","og_type":"article","og_title":"Enregistrement de Produits - FireFX","og_description":"Nous vous remercions d'avoir choisi un nouveau po\u00eale ou insert \u00e9lectrique FireFX pour votre int\u00e9rieur. L'enregistrement de votre produit ci-dessous nous","og_url":"https:\/\/firefxfires.com\/fr\/enregistrement\/","og_site_name":"FireFX","article_modified_time":"2025-03-26T10:08:37+00:00","twitter_card":"summary_large_image","schema":{"@context":"https:\/\/schema.org","@graph":[{"@type":"WebPage","@id":"https:\/\/firefxfires.com\/fr\/enregistrement\/","url":"https:\/\/firefxfires.com\/fr\/enregistrement\/","name":"Enregistrement de Produits - FireFX","isPartOf":{"@id":"https:\/\/firefxfires.com\/fr\/#website"},"datePublished":"2025-02-19T14:15:50+00:00","dateModified":"2025-03-26T10:08:37+00:00","description":"Nous vous remercions d'avoir choisi un nouveau po\u00eale ou insert \u00e9lectrique FireFX pour votre int\u00e9rieur. L'enregistrement de votre produit ci-dessous nous","breadcrumb":{"@id":"https:\/\/firefxfires.com\/fr\/enregistrement\/#breadcrumb"},"inLanguage":"fr-FR","potentialAction":[{"@type":"ReadAction","target":["https:\/\/firefxfires.com\/fr\/enregistrement\/"]}]},{"@type":"BreadcrumbList","@id":"https:\/\/firefxfires.com\/fr\/enregistrement\/#breadcrumb","itemListElement":[{"@type":"ListItem","position":1,"name":"Home","item":"https:\/\/firefxfires.com\/fr\/home\/"},{"@type":"ListItem","position":2,"name":"Enregistrement de Produits"}]},{"@type":"WebSite","@id":"https:\/\/firefxfires.com\/fr\/#website","url":"https:\/\/firefxfires.com\/fr\/","name":"FireFX","description":"Your Home, Your Fireplace, Your Way","publisher":{"@id":"https:\/\/firefxfires.com\/fr\/#organization"},"potentialAction":[{"@type":"SearchAction","target":{"@type":"EntryPoint","urlTemplate":"https:\/\/firefxfires.com\/fr\/?s={search_term_string}"},"query-input":{"@type":"PropertyValueSpecification","valueRequired":true,"valueName":"search_term_string"}}],"inLanguage":"fr-FR"},{"@type":"Organization","@id":"https:\/\/firefxfires.com\/fr\/#organization","name":"FireFX","url":"https:\/\/firefxfires.com\/fr\/","logo":{"@type":"ImageObject","inLanguage":"fr-FR","@id":"https:\/\/firefxfires.com\/fr\/#\/schema\/logo\/image\/","url":"https:\/\/firefxfires.com\/wp-content\/uploads\/2025\/02\/FireFX_Logo.png","contentUrl":"https:\/\/firefxfires.com\/wp-content\/uploads\/2025\/02\/FireFX_Logo.png","width":300,"height":124,"caption":"FireFX"},"image":{"@id":"https:\/\/firefxfires.com\/fr\/#\/schema\/logo\/image\/"}}]}},"spectra_custom_meta":{"_edit_lock":["1775834905:3"],"_wpml_word_count":["819"],"_edit_last":["3"],"_wpml_media_has_media":["1"],"_wpml_media_duplicate":["1"],"_wpml_media_featured":["1"],"_wp_page_template":[""],"blocksy_post_meta_options":["a:7:{s:16:\"has_hero_section\";s:7:\"default\";s:22:\"disable_featured_image\";s:2:\"no\";s:23:\"vertical_spacing_source\";s:6:\"custom\";s:20:\"content_area_spacing\";s:6:\"bottom\";s:20:\"content_style_source\";s:7:\"inherit\";s:17:\"styles_descriptor\";a:3:{s:6:\"styles\";a:3:{s:7:\"desktop\";s:0:\"\";s:6:\"tablet\";s:0:\"\";s:6:\"mobile\";s:0:\"\";}s:12:\"google_fonts\";a:0:{}s:7:\"version\";i:6;}s:19:\"page_structure_type\";s:6:\"type-3\";}"],"_last_translation_edit_mode":["native-editor"],"litespeed_vpi_list":["a:5:{i:0;s:6:\"en.svg\";i:1;s:6:\"fr.svg\";i:2;s:6:\"nl.svg\";i:3;s:15:\"FireFX_Logo.png\";i:4;s:23:\"FireFX-Atmos-195R-1.jpg\";}"],"litespeed_vpi_list_mobile":["a:2:{i:0;s:15:\"FireFX_Logo.png\";i:1;s:23:\"FireFX-Atmos-195R-1.jpg\";}"],"_yoast_wpseo_primary_category":[""],"_uag_css_file_name":["uag-css-1067.css"],"_dp_has_rewrite_republish_copy":["3047"],"_uag_page_assets":["a:9:{s:3:\"css\";s:263:\".uag-blocks-common-selector{z-index:var(--z-index-desktop) !important}@media (max-width: 976px){.uag-blocks-common-selector{z-index:var(--z-index-tablet) !important}}@media (max-width: 767px){.uag-blocks-common-selector{z-index:var(--z-index-mobile) !important}}\n\";s:2:\"js\";s:0:\"\";s:18:\"current_block_list\";a:14:{i:0;s:14:\"core\/paragraph\";i:1;s:10:\"core\/group\";i:2;s:9:\"core\/html\";i:3;s:14:\"core\/separator\";i:4;s:11:\"core\/search\";i:6;s:12:\"core\/heading\";i:7;s:17:\"core\/latest-posts\";i:8;s:20:\"core\/latest-comments\";i:9;s:13:\"core\/archives\";i:10;s:15:\"core\/categories\";i:11;s:26:\"woocommerce\/filter-wrapper\";i:12;s:28:\"woocommerce\/attribute-filter\";i:13;s:23:\"blocksy\/widgets-wrapper\";i:14;s:32:\"blocksy\/woocommerce-price-filter\";}s:8:\"uag_flag\";b:0;s:11:\"uag_version\";s:10:\"1775836183\";s:6:\"gfonts\";a:0:{}s:10:\"gfonts_url\";s:0:\"\";s:12:\"gfonts_files\";a:0:{}s:14:\"uag_faq_layout\";b:0;}"]},"uagb_featured_image_src":{"full":false,"thumbnail":false,"medium":false,"medium_large":false,"large":false,"1536x1536":false,"2048x2048":false,"woocommerce_archive_thumbnail":false,"woocommerce_thumbnail":false,"woocommerce_single":false,"woocommerce_gallery_thumbnail":false},"uagb_author_info":{"display_name":"Chris Connick","author_link":"https:\/\/firefxfires.com\/fr\/author\/cconnickstovax-com\/"},"uagb_comment_info":0,"uagb_excerpt":"Nous vous remercions d&rsquo;avoir choisi un nouveau po\u00eale ou insert \u00e9lectrique FireFX pour votre int\u00e9rieur. L&rsquo;enregistrement de votre produit ci-dessous nous permettra d&rsquo;activer la garantie de deux ans de votre nouvel appareil FireFX. Pour enregistrer votre produit, vous aurez besoin de son num\u00e9ro de s\u00e9rie. Veuillez vous r\u00e9f\u00e9rer \u00e0 vos instructions d&rsquo;utilisation pour localiser ce\u2026","_links":{"self":[{"href":"https:\/\/firefxfires.com\/fr\/wp-json\/wp\/v2\/pages\/1067","targetHints":{"allow":["GET"]}}],"collection":[{"href":"https:\/\/firefxfires.com\/fr\/wp-json\/wp\/v2\/pages"}],"about":[{"href":"https:\/\/firefxfires.com\/fr\/wp-json\/wp\/v2\/types\/page"}],"author":[{"embeddable":true,"href":"https:\/\/firefxfires.com\/fr\/wp-json\/wp\/v2\/users\/3"}],"replies":[{"embeddable":true,"href":"https:\/\/firefxfires.com\/fr\/wp-json\/wp\/v2\/comments?post=1067"}],"version-history":[{"count":0,"href":"https:\/\/firefxfires.com\/fr\/wp-json\/wp\/v2\/pages\/1067\/revisions"}],"wp:attachment":[{"href":"https:\/\/firefxfires.com\/fr\/wp-json\/wp\/v2\/media?parent=1067"}],"wp:term":[{"taxonomy":"category","embeddable":true,"href":"https:\/\/firefxfires.com\/fr\/wp-json\/wp\/v2\/categories?post=1067"},{"taxonomy":"post_tag","embeddable":true,"href":"https:\/\/firefxfires.com\/fr\/wp-json\/wp\/v2\/tags?post=1067"}],"curies":[{"name":"wp","href":"https:\/\/api.w.org\/{rel}","templated":true}]}}