{"id":1083,"date":"2025-03-18T15:53:12","date_gmt":"2025-03-18T15:53:12","guid":{"rendered":"https:\/\/firefxfires.com\/?page_id=1083"},"modified":"2025-04-29T14:07:06","modified_gmt":"2025-04-29T13:07:06","slug":"pieces-detachees","status":"publish","type":"page","link":"https:\/\/firefxfires.com\/fr\/pieces-detachees\/","title":{"rendered":"Pi\u00e8ces de rechange et documents techniques"},"content":{"rendered":"\n<div class=\"wp-block-columns is-layout-flex wp-container-core-columns-is-layout-28f84493 wp-block-columns-is-layout-flex\">\n<div class=\"wp-block-column is-layout-flow wp-block-column-is-layout-flow\" style=\"flex-basis:66.66%\">\n<p>Vous pouvez \u00e9galement commander vos pi\u00e8ces d\u00e9tach\u00e9es aupr\u00e8s de votre revendeur local Expert FireFX.<\/p>\n\n\n\n<p>Avant d&rsquo;acheter une pi\u00e8ce de rechange pour votre appareil, vous devez vous munir du num\u00e9ro de mod\u00e8le et du num\u00e9ro de s\u00e9rie de l&rsquo;appareil afin de trouver plus facilement les bonnes pi\u00e8ces de rechange. Pour trouver le num\u00e9ro de s\u00e9rie de votre appareil, reportez-vous au manuel d&rsquo;utilisation de votre produit. Vous pouvez \u00e9galement t\u00e9l\u00e9charger le manuel d&rsquo;utilisation ci-dessous.<\/p>\n\n\n\n<div class=\"wp-block-uagb-buttons uagb-buttons__outer-wrap uagb-btn__default-btn uagb-btn-tablet__default-btn uagb-btn-mobile__default-btn uagb-block-ec237cf8\"><div class=\"uagb-buttons__wrap uagb-buttons-layout-wrap \">\n<div class=\"wp-block-uagb-buttons-child uagb-buttons__outer-wrap uagb-block-eff63a5e wp-block-button\"><div class=\"uagb-button__wrapper\"><a class=\"uagb-buttons-repeater wp-block-button__link\" aria-label=\"\" href=\"https:\/\/firefxfires.com\/fr\/ou-acheter\/\" rel=\"follow noopener\" target=\"_self\" role=\"button\"><span class=\"uagb-button__icon uagb-button__icon-position-before\"><svg xmlns=\"https:\/\/www.w3.org\/2000\/svg\" viewBox=\"0 0 384 512\" aria-hidden=\"true\" focussable=\"false\"><path d=\"M168.3 499.2C116.1 435 0 279.4 0 192C0 85.96 85.96 0 192 0C298 0 384 85.96 384 192C384 279.4 267 435 215.7 499.2C203.4 514.5 180.6 514.5 168.3 499.2H168.3zM192 256C227.3 256 256 227.3 256 192C256 156.7 227.3 128 192 128C156.7 128 128 156.7 128 192C128 227.3 156.7 256 192 256z\"><\/path><\/svg><\/span><div class=\"uagb-button__link\">Trouver un Revendeur<\/div><\/a><\/div><\/div>\n<\/div><\/div>\n<\/div>\n\n\n\n<div class=\"wp-block-column is-layout-flow wp-block-column-is-layout-flow\" style=\"flex-basis:33.33%\">\n<figure class=\"wp-block-image size-full\"><img decoding=\"async\" width=\"836\" height=\"634\" src=\"https:\/\/i0.wp.com\/firefxfires.com\/wp-content\/uploads\/2025\/03\/Spares.jpg?fit=836%2C634&amp;ssl=1\" alt=\"\" class=\"wp-image-842\" srcset=\"https:\/\/firefxfires.com\/wp-content\/uploads\/2025\/03\/Spares.jpg 836w, https:\/\/firefxfires.com\/wp-content\/uploads\/2025\/03\/Spares-600x455.jpg 600w, https:\/\/firefxfires.com\/wp-content\/uploads\/2025\/03\/Spares-300x228.jpg 300w, https:\/\/firefxfires.com\/wp-content\/uploads\/2025\/03\/Spares-768x582.jpg 768w\" sizes=\"(max-width: 836px) 100vw, 836px\" \/><\/figure>\n<\/div>\n<\/div>\n\n\n\n<h2 class=\"wp-block-heading\">Documents techniques<\/h2>\n\n\n\n<div class=\"wp-block-file\"><a id=\"wp-block-file--media-aaa085a6-025c-4414-ac76-c311dd006a38\" href=\"https:\/\/firefxfires.com\/wp-content\/uploads\/2025\/09\/PR3341-Multi-lingual-FireFX-Atmos-Range-Issue-2.pdf\" target=\"_blank\" rel=\"noreferrer noopener\">PR3341 Multi-lingual FireFX Atmos Range Issue 1<\/a><\/div>\n\n\n\n<div class=\"wp-block-file\"><a id=\"wp-block-file--media-cbd037cb-d4dc-4d45-b1c3-97240afd3e00\" href=\"https:\/\/firefxfires.com\/wp-content\/uploads\/2025\/03\/PR3347-Atmos-Range-Online-Servicing-Guide-issue-1.pdf\" target=\"_blank\" rel=\"noreferrer noopener\">PR3347 Atmos Range Online Servicing Guide issue 1<\/a><\/div>\n\n\n\n<p><\/p>\n","protected":false},"excerpt":{"rendered":"<p>Vous pouvez \u00e9galement commander vos pi\u00e8ces d\u00e9tach\u00e9es aupr\u00e8s de votre revendeur local Expert FireFX. Avant d&rsquo;acheter une pi\u00e8ce de rechange pour votre appareil, vous devez vous munir du num\u00e9ro de mod\u00e8le et du num\u00e9ro de s\u00e9rie de l&rsquo;appareil afin de trouver plus facilement les bonnes pi\u00e8ces de rechange. Pour trouver le num\u00e9ro de s\u00e9rie de [&hellip;]<\/p>\n","protected":false},"author":3,"featured_media":726,"parent":0,"menu_order":0,"comment_status":"closed","ping_status":"closed","template":"","meta":{"_acf_changed":false,"_uag_custom_page_level_css":"","footnotes":""},"categories":[],"tags":[],"class_list":["post-1083","page","type-page","status-publish","has-post-thumbnail","hentry"],"blocksy_meta":{"vertical_spacing_source":"custom","content_area_spacing":"bottom","styles_descriptor":{"styles":{"desktop":"","tablet":"","mobile":""},"google_fonts":[],"version":6},"page_structure_type":"type-4","content_style_source":"inherit"},"acf":[],"yoast_head":"<!-- This site is optimized with the Yoast SEO plugin v27.4 - https:\/\/yoast.com\/product\/yoast-seo-wordpress\/ -->\n<title>Pi\u00e8ces de rechange et documents techniques - FireFX<\/title>\n<meta name=\"description\" content=\"Vous pouvez \u00e9galement commander vos pi\u00e8ces d\u00e9tach\u00e9es aupr\u00e8s de votre revendeur local Expert FireFX. Avant d&#039;acheter une pi\u00e8ce de rechange pour votre\" \/>\n<meta name=\"robots\" content=\"index, follow, max-snippet:-1, max-image-preview:large, max-video-preview:-1\" \/>\n<link rel=\"canonical\" href=\"https:\/\/firefxfires.com\/fr\/pieces-detachees\/\" \/>\n<meta property=\"og:locale\" content=\"fr_FR\" \/>\n<meta property=\"og:type\" content=\"article\" \/>\n<meta property=\"og:title\" content=\"Pi\u00e8ces de rechange et documents techniques - FireFX\" \/>\n<meta property=\"og:description\" content=\"Vous pouvez \u00e9galement commander vos pi\u00e8ces d\u00e9tach\u00e9es aupr\u00e8s de votre revendeur local Expert FireFX. Avant d&#039;acheter une pi\u00e8ce de rechange pour votre\" \/>\n<meta property=\"og:url\" content=\"https:\/\/firefxfires.com\/fr\/pieces-detachees\/\" \/>\n<meta property=\"og:site_name\" content=\"FireFX\" \/>\n<meta property=\"article:modified_time\" content=\"2025-04-29T13:07:06+00:00\" \/>\n<meta property=\"og:image\" content=\"https:\/\/firefxfires.com\/wp-content\/uploads\/2025\/03\/FireFX_Lifestyle_Image_03.jpg\" \/>\n\t<meta property=\"og:image:width\" content=\"2000\" \/>\n\t<meta property=\"og:image:height\" content=\"750\" \/>\n\t<meta property=\"og:image:type\" content=\"image\/jpeg\" \/>\n<meta name=\"twitter:card\" content=\"summary_large_image\" \/>\n<script type=\"application\/ld+json\" class=\"yoast-schema-graph\">{\"@context\":\"https:\\\/\\\/schema.org\",\"@graph\":[{\"@type\":\"WebPage\",\"@id\":\"https:\\\/\\\/firefxfires.com\\\/fr\\\/pieces-detachees\\\/\",\"url\":\"https:\\\/\\\/firefxfires.com\\\/fr\\\/pieces-detachees\\\/\",\"name\":\"Pi\u00e8ces de rechange et documents techniques - FireFX\",\"isPartOf\":{\"@id\":\"https:\\\/\\\/firefxfires.com\\\/fr\\\/#website\"},\"primaryImageOfPage\":{\"@id\":\"https:\\\/\\\/firefxfires.com\\\/fr\\\/pieces-detachees\\\/#primaryimage\"},\"image\":{\"@id\":\"https:\\\/\\\/firefxfires.com\\\/fr\\\/pieces-detachees\\\/#primaryimage\"},\"thumbnailUrl\":\"https:\\\/\\\/firefxfires.com\\\/wp-content\\\/uploads\\\/2025\\\/03\\\/FireFX_Lifestyle_Image_03.jpg\",\"datePublished\":\"2025-03-18T15:53:12+00:00\",\"dateModified\":\"2025-04-29T13:07:06+00:00\",\"description\":\"Vous pouvez \u00e9galement commander vos pi\u00e8ces d\u00e9tach\u00e9es aupr\u00e8s de votre revendeur local Expert FireFX. Avant d'acheter une pi\u00e8ce de rechange pour votre\",\"breadcrumb\":{\"@id\":\"https:\\\/\\\/firefxfires.com\\\/fr\\\/pieces-detachees\\\/#breadcrumb\"},\"inLanguage\":\"fr-FR\",\"potentialAction\":[{\"@type\":\"ReadAction\",\"target\":[\"https:\\\/\\\/firefxfires.com\\\/fr\\\/pieces-detachees\\\/\"]}]},{\"@type\":\"ImageObject\",\"inLanguage\":\"fr-FR\",\"@id\":\"https:\\\/\\\/firefxfires.com\\\/fr\\\/pieces-detachees\\\/#primaryimage\",\"url\":\"https:\\\/\\\/firefxfires.com\\\/wp-content\\\/uploads\\\/2025\\\/03\\\/FireFX_Lifestyle_Image_03.jpg\",\"contentUrl\":\"https:\\\/\\\/firefxfires.com\\\/wp-content\\\/uploads\\\/2025\\\/03\\\/FireFX_Lifestyle_Image_03.jpg\",\"width\":2000,\"height\":750},{\"@type\":\"BreadcrumbList\",\"@id\":\"https:\\\/\\\/firefxfires.com\\\/fr\\\/pieces-detachees\\\/#breadcrumb\",\"itemListElement\":[{\"@type\":\"ListItem\",\"position\":1,\"name\":\"Home\",\"item\":\"https:\\\/\\\/firefxfires.com\\\/fr\\\/home\\\/\"},{\"@type\":\"ListItem\",\"position\":2,\"name\":\"Pi\u00e8ces de rechange et documents techniques\"}]},{\"@type\":\"WebSite\",\"@id\":\"https:\\\/\\\/firefxfires.com\\\/fr\\\/#website\",\"url\":\"https:\\\/\\\/firefxfires.com\\\/fr\\\/\",\"name\":\"FireFX\",\"description\":\"Your Home, Your Fireplace, Your Way\",\"publisher\":{\"@id\":\"https:\\\/\\\/firefxfires.com\\\/fr\\\/#organization\"},\"potentialAction\":[{\"@type\":\"SearchAction\",\"target\":{\"@type\":\"EntryPoint\",\"urlTemplate\":\"https:\\\/\\\/firefxfires.com\\\/fr\\\/?s={search_term_string}\"},\"query-input\":{\"@type\":\"PropertyValueSpecification\",\"valueRequired\":true,\"valueName\":\"search_term_string\"}}],\"inLanguage\":\"fr-FR\"},{\"@type\":\"Organization\",\"@id\":\"https:\\\/\\\/firefxfires.com\\\/fr\\\/#organization\",\"name\":\"FireFX\",\"url\":\"https:\\\/\\\/firefxfires.com\\\/fr\\\/\",\"logo\":{\"@type\":\"ImageObject\",\"inLanguage\":\"fr-FR\",\"@id\":\"https:\\\/\\\/firefxfires.com\\\/fr\\\/#\\\/schema\\\/logo\\\/image\\\/\",\"url\":\"https:\\\/\\\/firefxfires.com\\\/wp-content\\\/uploads\\\/2025\\\/02\\\/FireFX_Logo.png\",\"contentUrl\":\"https:\\\/\\\/firefxfires.com\\\/wp-content\\\/uploads\\\/2025\\\/02\\\/FireFX_Logo.png\",\"width\":300,\"height\":124,\"caption\":\"FireFX\"},\"image\":{\"@id\":\"https:\\\/\\\/firefxfires.com\\\/fr\\\/#\\\/schema\\\/logo\\\/image\\\/\"}}]}<\/script>\n<!-- \/ Yoast SEO plugin. -->","yoast_head_json":{"title":"Pi\u00e8ces de rechange et documents techniques - FireFX","description":"Vous pouvez \u00e9galement commander vos pi\u00e8ces d\u00e9tach\u00e9es aupr\u00e8s de votre revendeur local Expert FireFX. Avant d'acheter une pi\u00e8ce de rechange pour votre","robots":{"index":"index","follow":"follow","max-snippet":"max-snippet:-1","max-image-preview":"max-image-preview:large","max-video-preview":"max-video-preview:-1"},"canonical":"https:\/\/firefxfires.com\/fr\/pieces-detachees\/","og_locale":"fr_FR","og_type":"article","og_title":"Pi\u00e8ces de rechange et documents techniques - FireFX","og_description":"Vous pouvez \u00e9galement commander vos pi\u00e8ces d\u00e9tach\u00e9es aupr\u00e8s de votre revendeur local Expert FireFX. Avant d'acheter une pi\u00e8ce de rechange pour votre","og_url":"https:\/\/firefxfires.com\/fr\/pieces-detachees\/","og_site_name":"FireFX","article_modified_time":"2025-04-29T13:07:06+00:00","og_image":[{"width":2000,"height":750,"url":"https:\/\/firefxfires.com\/wp-content\/uploads\/2025\/03\/FireFX_Lifestyle_Image_03.jpg","type":"image\/jpeg"}],"twitter_card":"summary_large_image","schema":{"@context":"https:\/\/schema.org","@graph":[{"@type":"WebPage","@id":"https:\/\/firefxfires.com\/fr\/pieces-detachees\/","url":"https:\/\/firefxfires.com\/fr\/pieces-detachees\/","name":"Pi\u00e8ces de rechange et documents techniques - FireFX","isPartOf":{"@id":"https:\/\/firefxfires.com\/fr\/#website"},"primaryImageOfPage":{"@id":"https:\/\/firefxfires.com\/fr\/pieces-detachees\/#primaryimage"},"image":{"@id":"https:\/\/firefxfires.com\/fr\/pieces-detachees\/#primaryimage"},"thumbnailUrl":"https:\/\/firefxfires.com\/wp-content\/uploads\/2025\/03\/FireFX_Lifestyle_Image_03.jpg","datePublished":"2025-03-18T15:53:12+00:00","dateModified":"2025-04-29T13:07:06+00:00","description":"Vous pouvez \u00e9galement commander vos pi\u00e8ces d\u00e9tach\u00e9es aupr\u00e8s de votre revendeur local Expert FireFX. Avant d'acheter une pi\u00e8ce de rechange pour votre","breadcrumb":{"@id":"https:\/\/firefxfires.com\/fr\/pieces-detachees\/#breadcrumb"},"inLanguage":"fr-FR","potentialAction":[{"@type":"ReadAction","target":["https:\/\/firefxfires.com\/fr\/pieces-detachees\/"]}]},{"@type":"ImageObject","inLanguage":"fr-FR","@id":"https:\/\/firefxfires.com\/fr\/pieces-detachees\/#primaryimage","url":"https:\/\/firefxfires.com\/wp-content\/uploads\/2025\/03\/FireFX_Lifestyle_Image_03.jpg","contentUrl":"https:\/\/firefxfires.com\/wp-content\/uploads\/2025\/03\/FireFX_Lifestyle_Image_03.jpg","width":2000,"height":750},{"@type":"BreadcrumbList","@id":"https:\/\/firefxfires.com\/fr\/pieces-detachees\/#breadcrumb","itemListElement":[{"@type":"ListItem","position":1,"name":"Home","item":"https:\/\/firefxfires.com\/fr\/home\/"},{"@type":"ListItem","position":2,"name":"Pi\u00e8ces de rechange et documents techniques"}]},{"@type":"WebSite","@id":"https:\/\/firefxfires.com\/fr\/#website","url":"https:\/\/firefxfires.com\/fr\/","name":"FireFX","description":"Your Home, Your Fireplace, Your Way","publisher":{"@id":"https:\/\/firefxfires.com\/fr\/#organization"},"potentialAction":[{"@type":"SearchAction","target":{"@type":"EntryPoint","urlTemplate":"https:\/\/firefxfires.com\/fr\/?s={search_term_string}"},"query-input":{"@type":"PropertyValueSpecification","valueRequired":true,"valueName":"search_term_string"}}],"inLanguage":"fr-FR"},{"@type":"Organization","@id":"https:\/\/firefxfires.com\/fr\/#organization","name":"FireFX","url":"https:\/\/firefxfires.com\/fr\/","logo":{"@type":"ImageObject","inLanguage":"fr-FR","@id":"https:\/\/firefxfires.com\/fr\/#\/schema\/logo\/image\/","url":"https:\/\/firefxfires.com\/wp-content\/uploads\/2025\/02\/FireFX_Logo.png","contentUrl":"https:\/\/firefxfires.com\/wp-content\/uploads\/2025\/02\/FireFX_Logo.png","width":300,"height":124,"caption":"FireFX"},"image":{"@id":"https:\/\/firefxfires.com\/fr\/#\/schema\/logo\/image\/"}}]}},"spectra_custom_meta":{"_edit_lock":["1745933321:3"],"_wpml_word_count":["114"],"_thumbnail_id":["726"],"_edit_last":["3"],"_wpml_media_has_media":["1"],"_wpml_media_duplicate":["1"],"_wpml_media_featured":["1"],"_wp_page_template":[""],"blocksy_post_meta_options":["a:5:{s:23:\"vertical_spacing_source\";s:6:\"custom\";s:20:\"content_area_spacing\";s:6:\"bottom\";s:17:\"styles_descriptor\";a:3:{s:6:\"styles\";a:3:{s:7:\"desktop\";s:0:\"\";s:6:\"tablet\";s:0:\"\";s:6:\"mobile\";s:0:\"\";}s:12:\"google_fonts\";a:0:{}s:7:\"version\";i:6;}s:19:\"page_structure_type\";s:6:\"type-4\";s:20:\"content_style_source\";s:7:\"inherit\";}"],"_last_translation_edit_mode":["native-editor"],"_yoast_wpseo_estimated-reading-time-minutes":[""],"litespeed_vpi_list":["a:5:{i:0;s:6:\"en.svg\";i:1;s:6:\"fr.svg\";i:2;s:6:\"nl.svg\";i:3;s:15:\"FireFX_Logo.png\";i:4;s:29:\"FireFX_Lifestyle_Image_03.jpg\";}"],"_yoast_wpseo_primary_category":[""],"litespeed_vpi_list_mobile":["a:2:{i:0;s:15:\"FireFX_Logo.png\";i:1;s:29:\"FireFX_Lifestyle_Image_03.jpg\";}"],"_uag_css_file_name":["uag-css-1083.css"],"_uag_js_file_name":["uag-js-1083.js"],"_uag_page_assets":["a:9:{s:3:\"css\";s:4878:\".uagb-buttons__outer-wrap .uagb-buttons__wrap{display:inline-flex;width:100%}.uagb-buttons__outer-wrap.uagb-btn__small-btn .uagb-buttons-repeater.wp-block-button__link:not(.is-style-outline),.uagb-buttons__outer-wrap.uagb-btn__small-btn .uagb-buttons-repeater.ast-outline-button{padding:5px 10px}.uagb-buttons__outer-wrap.uagb-btn__medium-btn .uagb-buttons-repeater.wp-block-button__link:not(.is-style-outline),.uagb-buttons__outer-wrap.uagb-btn__medium-btn .uagb-buttons-repeater.ast-outline-button{padding:12px 24px}.uagb-buttons__outer-wrap.uagb-btn__large-btn .uagb-buttons-repeater.wp-block-button__link:not(.is-style-outline),.uagb-buttons__outer-wrap.uagb-btn__large-btn .uagb-buttons-repeater.ast-outline-button{padding:20px 30px}.uagb-buttons__outer-wrap.uagb-btn__extralarge-btn .uagb-buttons-repeater.wp-block-button__link:not(.is-style-outline),.uagb-buttons__outer-wrap.uagb-btn__extralarge-btn .uagb-buttons-repeater.ast-outline-button{padding:30px 65px}@media (max-width: 976px){.uagb-buttons__outer-wrap.uagb-btn-tablet__small-btn .uagb-buttons-repeater.wp-block-button__link:not(.is-style-outline),.uagb-buttons__outer-wrap.uagb-btn-tablet__small-btn .uagb-buttons-repeater.ast-outline-button{padding:5px 10px}.uagb-buttons__outer-wrap.uagb-btn-tablet__medium-btn .uagb-buttons-repeater.wp-block-button__link:not(.is-style-outline),.uagb-buttons__outer-wrap.uagb-btn-tablet__medium-btn .uagb-buttons-repeater.ast-outline-button{padding:12px 24px}.uagb-buttons__outer-wrap.uagb-btn-tablet__large-btn .uagb-buttons-repeater.wp-block-button__link:not(.is-style-outline),.uagb-buttons__outer-wrap.uagb-btn-tablet__large-btn .uagb-buttons-repeater.ast-outline-button{padding:20px 30px}.uagb-buttons__outer-wrap.uagb-btn-tablet__extralarge-btn .uagb-buttons-repeater.wp-block-button__link:not(.is-style-outline),.uagb-buttons__outer-wrap.uagb-btn-tablet__extralarge-btn .uagb-buttons-repeater.ast-outline-button{padding:30px 65px}}@media (max-width: 767px){.uagb-buttons__outer-wrap.uagb-btn-mobile__small-btn .uagb-buttons-repeater.wp-block-button__link:not(.is-style-outline),.uagb-buttons__outer-wrap.uagb-btn-mobile__small-btn .uagb-buttons-repeater.ast-outline-button{padding:5px 10px}.uagb-buttons__outer-wrap.uagb-btn-mobile__medium-btn .uagb-buttons-repeater.wp-block-button__link:not(.is-style-outline),.uagb-buttons__outer-wrap.uagb-btn-mobile__medium-btn .uagb-buttons-repeater.ast-outline-button{padding:12px 24px}.uagb-buttons__outer-wrap.uagb-btn-mobile__large-btn .uagb-buttons-repeater.wp-block-button__link:not(.is-style-outline),.uagb-buttons__outer-wrap.uagb-btn-mobile__large-btn .uagb-buttons-repeater.ast-outline-button{padding:20px 30px}.uagb-buttons__outer-wrap.uagb-btn-mobile__extralarge-btn .uagb-buttons-repeater.wp-block-button__link:not(.is-style-outline),.uagb-buttons__outer-wrap.uagb-btn-mobile__extralarge-btn .uagb-buttons-repeater.ast-outline-button{padding:30px 65px}}\n.uagb-buttons__outer-wrap .uagb-buttons-repeater{display:flex;justify-content:center;align-items:center;transition:box-shadow 0.2s ease}.uagb-buttons__outer-wrap .uagb-buttons-repeater a.uagb-button__link{display:flex;justify-content:center}.uagb-buttons__outer-wrap .uagb-buttons-repeater .uagb-button__icon{font-size:inherit;display:flex;align-items:center}.uagb-buttons__outer-wrap .uagb-buttons-repeater .uagb-button__icon svg{fill:currentColor;width:inherit;height:inherit}\n.uagb-block-ec237cf8.wp-block-uagb-buttons.uagb-buttons__outer-wrap .uagb-buttons__wrap {gap: 10px;}.uagb-block-ec237cf8.uagb-buttons__outer-wrap .uagb-buttons__wrap {justify-content: center;align-items: center;}.wp-block-uagb-buttons .uagb-block-eff63a5e .uagb-button__wrapper  .uagb-buttons-repeater.wp-block-button__link{box-shadow: 0px 0px 0 #00000026;}.wp-block-uagb-buttons .uagb-block-eff63a5e .uagb-buttons-repeater .uagb-button__icon > svg{width: 15px;height: 15px;}.wp-block-uagb-buttons .uagb-block-eff63a5e .uagb-buttons-repeater .uagb-button__icon-position-after{margin-left: 8px;}.wp-block-uagb-buttons .uagb-block-eff63a5e .uagb-buttons-repeater .uagb-button__icon-position-before{margin-right: 8px;}@media only screen and (max-width: 976px) {.uagb-block-ec237cf8.uagb-buttons__outer-wrap .uagb-buttons__wrap {justify-content: center;align-items: center;}.uagb-block-ec237cf8.uagb-buttons__outer-wrap .uagb-buttons__wrap .wp-block-button{width: auto;}}@media only screen and (max-width: 767px) {.uagb-block-ec237cf8.uagb-buttons__outer-wrap .uagb-buttons__wrap {justify-content: center;align-items: center;}.uagb-block-ec237cf8.uagb-buttons__outer-wrap .uagb-buttons__wrap .wp-block-button{width: auto;}}.uag-blocks-common-selector{z-index:var(--z-index-desktop) !important}@media (max-width: 976px){.uag-blocks-common-selector{z-index:var(--z-index-tablet) !important}}@media (max-width: 767px){.uag-blocks-common-selector{z-index:var(--z-index-mobile) !important}}\n\";s:2:\"js\";s:161:\"document.addEventListener(\"DOMContentLoaded\", function(){ window.addEventListener( 'load', function() {\n\tUAGBButtonChild.init( '.uagb-block-eff63a5e' );\n});\n });\";s:18:\"current_block_list\";a:18:{i:0;s:12:\"core\/columns\";i:1;s:11:\"core\/column\";i:2;s:14:\"core\/paragraph\";i:3;s:12:\"uagb\/buttons\";i:4;s:18:\"uagb\/buttons-child\";i:6;s:10:\"core\/image\";i:7;s:12:\"core\/heading\";i:8;s:9:\"core\/file\";i:9;s:11:\"core\/search\";i:10;s:10:\"core\/group\";i:11;s:17:\"core\/latest-posts\";i:12;s:20:\"core\/latest-comments\";i:13;s:13:\"core\/archives\";i:14;s:15:\"core\/categories\";i:15;s:26:\"woocommerce\/filter-wrapper\";i:16;s:28:\"woocommerce\/attribute-filter\";i:17;s:23:\"blocksy\/widgets-wrapper\";i:18;s:32:\"blocksy\/woocommerce-price-filter\";}s:8:\"uag_flag\";b:1;s:11:\"uag_version\";s:10:\"1775836183\";s:6:\"gfonts\";a:0:{}s:10:\"gfonts_url\";s:0:\"\";s:12:\"gfonts_files\";a:0:{}s:14:\"uag_faq_layout\";b:0;}"]},"uagb_featured_image_src":{"full":["https:\/\/firefxfires.com\/wp-content\/uploads\/2025\/03\/FireFX_Lifestyle_Image_03.jpg",2000,750,false],"thumbnail":["https:\/\/firefxfires.com\/wp-content\/uploads\/2025\/03\/FireFX_Lifestyle_Image_03-150x150.jpg",150,150,true],"medium":["https:\/\/firefxfires.com\/wp-content\/uploads\/2025\/03\/FireFX_Lifestyle_Image_03-300x113.jpg",300,113,true],"medium_large":["https:\/\/firefxfires.com\/wp-content\/uploads\/2025\/03\/FireFX_Lifestyle_Image_03-768x288.jpg",768,288,true],"large":["https:\/\/firefxfires.com\/wp-content\/uploads\/2025\/03\/FireFX_Lifestyle_Image_03-1024x384.jpg",1024,384,true],"1536x1536":["https:\/\/firefxfires.com\/wp-content\/uploads\/2025\/03\/FireFX_Lifestyle_Image_03-1536x576.jpg",1536,576,true],"2048x2048":["https:\/\/firefxfires.com\/wp-content\/uploads\/2025\/03\/FireFX_Lifestyle_Image_03.jpg",2000,750,false],"woocommerce_archive_thumbnail":["https:\/\/firefxfires.com\/wp-content\/uploads\/2025\/03\/FireFX_Lifestyle_Image_03-500x375.jpg",500,375,true],"woocommerce_thumbnail":["https:\/\/firefxfires.com\/wp-content\/uploads\/2025\/03\/FireFX_Lifestyle_Image_03-300x300.jpg",300,300,true],"woocommerce_single":["https:\/\/firefxfires.com\/wp-content\/uploads\/2025\/03\/FireFX_Lifestyle_Image_03-600x225.jpg",600,225,true],"woocommerce_gallery_thumbnail":["https:\/\/firefxfires.com\/wp-content\/uploads\/2025\/03\/FireFX_Lifestyle_Image_03-200x200.jpg",200,200,true]},"uagb_author_info":{"display_name":"Chris Connick","author_link":"https:\/\/firefxfires.com\/fr\/author\/cconnickstovax-com\/"},"uagb_comment_info":0,"uagb_excerpt":"Vous pouvez \u00e9galement commander vos pi\u00e8ces d\u00e9tach\u00e9es aupr\u00e8s de votre revendeur local Expert FireFX. Avant d&rsquo;acheter une pi\u00e8ce de rechange pour votre appareil, vous devez vous munir du num\u00e9ro de mod\u00e8le et du num\u00e9ro de s\u00e9rie de l&rsquo;appareil afin de trouver plus facilement les bonnes pi\u00e8ces de rechange. Pour trouver le num\u00e9ro de s\u00e9rie de\u2026","_links":{"self":[{"href":"https:\/\/firefxfires.com\/fr\/wp-json\/wp\/v2\/pages\/1083","targetHints":{"allow":["GET"]}}],"collection":[{"href":"https:\/\/firefxfires.com\/fr\/wp-json\/wp\/v2\/pages"}],"about":[{"href":"https:\/\/firefxfires.com\/fr\/wp-json\/wp\/v2\/types\/page"}],"author":[{"embeddable":true,"href":"https:\/\/firefxfires.com\/fr\/wp-json\/wp\/v2\/users\/3"}],"replies":[{"embeddable":true,"href":"https:\/\/firefxfires.com\/fr\/wp-json\/wp\/v2\/comments?post=1083"}],"version-history":[{"count":1,"href":"https:\/\/firefxfires.com\/fr\/wp-json\/wp\/v2\/pages\/1083\/revisions"}],"predecessor-version":[{"id":1596,"href":"https:\/\/firefxfires.com\/fr\/wp-json\/wp\/v2\/pages\/1083\/revisions\/1596"}],"wp:featuredmedia":[{"embeddable":true,"href":"https:\/\/firefxfires.com\/fr\/wp-json\/wp\/v2\/media\/726"}],"wp:attachment":[{"href":"https:\/\/firefxfires.com\/fr\/wp-json\/wp\/v2\/media?parent=1083"}],"wp:term":[{"taxonomy":"category","embeddable":true,"href":"https:\/\/firefxfires.com\/fr\/wp-json\/wp\/v2\/categories?post=1083"},{"taxonomy":"post_tag","embeddable":true,"href":"https:\/\/firefxfires.com\/fr\/wp-json\/wp\/v2\/tags?post=1083"}],"curies":[{"name":"wp","href":"https:\/\/api.w.org\/{rel}","templated":true}]}}